{"id":485,"date":"2013-02-22T14:51:49","date_gmt":"2013-02-22T20:51:49","guid":{"rendered":"http:\/\/localhost\/minimable\/?page_id=79"},"modified":"2014-12-13T09:50:59","modified_gmt":"2014-12-13T15:50:59","slug":"page-4","status":"publish","type":"page","link":"http:\/\/www.selfoods.com.mx\/selfoods\/","title":{"rendered":"\u00bfQuienes Somos?"},"content":{"rendered":"<h1 style=\"text-align: justify;\"><span style=\"color: #ff6600;\">Misi\u00f3n<\/span><\/h1>\n<p style=\"text-align: left;\"><a href=\"http:\/\/www.selfoods.com.mx\/selfoods\/wp-content\/uploads\/2013\/02\/nuestra-mision.jpg\"><img loading=\"lazy\" class=\"size-thumbnail wp-image-516 alignleft\" src=\"http:\/\/www.selfoods.com.mx\/selfoods\/wp-content\/uploads\/2013\/02\/nuestra-mision-150x150.jpg\" alt=\"nuestra-mision\" width=\"150\" height=\"150\" srcset=\"http:\/\/www.selfoods.com.mx\/selfoods\/wp-content\/uploads\/2013\/02\/nuestra-mision-150x150.jpg 150w, http:\/\/www.selfoods.com.mx\/selfoods\/wp-content\/uploads\/2013\/02\/nuestra-mision-270x270.jpg 270w\" sizes=\"(max-width: 150px) 100vw, 150px\" \/><\/a>Apoyar a nuestros clientes para entender e identificar las necesidades y estrategias personales de compra mediante una excelente presentaci\u00f3n, un amplio conocimiento y manejo del producto\u00a0 y su excelencia en el servicio que ofrecemos, logrando establecer confianza y credibilidad.<\/p>\n<h1 style=\"text-align: right;\"><span style=\"color: #ff6600;\">Visi\u00f3n<\/span><\/h1>\n<p><img loading=\"lazy\" class=\"size-thumbnail wp-image-517 alignright\" src=\"http:\/\/www.selfoods.com.mx\/selfoods\/wp-content\/uploads\/2013\/02\/nuestra-vision-150x150.jpg\" alt=\"nuestra-vision\" width=\"150\" height=\"150\" srcset=\"http:\/\/www.selfoods.com.mx\/selfoods\/wp-content\/uploads\/2013\/02\/nuestra-vision-150x150.jpg 150w, http:\/\/www.selfoods.com.mx\/selfoods\/wp-content\/uploads\/2013\/02\/nuestra-vision-270x270.jpg 270w\" sizes=\"(max-width: 150px) 100vw, 150px\" \/>Ser la empresa l\u00edder del mercado de pavos en servicio, innovaci\u00f3n y calidad, satisfaciendo las necesidades y excediendo las expectativas del cliente a trav\u00e9s de nuestra experiencia.<\/p>\n<h1 style=\"text-align: justify;\"><span style=\"color: #ff6600;\">Objetivo<\/span><\/h1>\n<p><a href=\"http:\/\/www.selfoods.com.mx\/selfoods\/wp-content\/uploads\/2013\/02\/objetivo.jpg\"><img loading=\"lazy\" class=\"size-thumbnail wp-image-518 alignleft\" src=\"http:\/\/www.selfoods.com.mx\/selfoods\/wp-content\/uploads\/2013\/02\/objetivo-150x150.jpg\" alt=\"objetivo\" width=\"150\" height=\"150\" srcset=\"http:\/\/www.selfoods.com.mx\/selfoods\/wp-content\/uploads\/2013\/02\/objetivo-150x150.jpg 150w, http:\/\/www.selfoods.com.mx\/selfoods\/wp-content\/uploads\/2013\/02\/objetivo-270x270.jpg 270w\" sizes=\"(max-width: 150px) 100vw, 150px\" \/><\/a>El objetivo principal de nuestra empresa es ofrecer la mejor calidad de producto en la \u00e9poca navide\u00f1a para lograr fortalecer la relaci\u00f3n de nuestros clientes con sus empleados al hacernos presentes en la cena m\u00e1s importante del a\u00f1o en la familia mexicana. As\u00ed como, prestar un servicio adecuado dentro de las normas especificas que se requieren en tiempo y forma para cumplir con las expectativas de nuestros clientes.<\/p>\n","protected":false},"excerpt":{"rendered":"<p>Misi\u00f3n Apoyar a nuestros clientes para entender e identificar las necesidades y estrategias personales de compra mediante una excelente presentaci\u00f3n, un amplio conocimiento y manejo del producto\u00a0 y su excelencia en el servicio que ofrecemos, logrando establecer confianza y credibilidad. Visi\u00f3n Ser la empresa l\u00edder del mercado de pavos en servicio, innovaci\u00f3n y calidad, satisfaciendo &hellip; <a href=\"http:\/\/www.selfoods.com.mx\/selfoods\/\" class=\"more-link\">Seguir leyendo <span class=\"screen-reader-text\">\u00bfQuienes Somos?<\/span> <span class=\"meta-nav\">&rarr;<\/span><\/a><\/p>\n","protected":false},"author":1,"featured_media":0,"parent":0,"menu_order":1,"comment_status":"closed","ping_status":"closed","template":"templates\/template-portfolio.php","meta":[],"_links":{"self":[{"href":"http:\/\/www.selfoods.com.mx\/selfoods\/wp-json\/wp\/v2\/pages\/485"}],"collection":[{"href":"http:\/\/www.selfoods.com.mx\/selfoods\/wp-json\/wp\/v2\/pages"}],"about":[{"href":"http:\/\/www.selfoods.com.mx\/selfoods\/wp-json\/wp\/v2\/types\/page"}],"author":[{"embeddable":true,"href":"http:\/\/www.selfoods.com.mx\/selfoods\/wp-json\/wp\/v2\/users\/1"}],"replies":[{"embeddable":true,"href":"http:\/\/www.selfoods.com.mx\/selfoods\/wp-json\/wp\/v2\/comments?post=485"}],"version-history":[{"count":2,"href":"http:\/\/www.selfoods.com.mx\/selfoods\/wp-json\/wp\/v2\/pages\/485\/revisions"}],"predecessor-version":[{"id":583,"href":"http:\/\/www.selfoods.com.mx\/selfoods\/wp-json\/wp\/v2\/pages\/485\/revisions\/583"}],"wp:attachment":[{"href":"http:\/\/www.selfoods.com.mx\/selfoods\/wp-json\/wp\/v2\/media?parent=485"}],"curies":[{"name":"wp","href":"https:\/\/api.w.org\/{rel}","templated":true}]}}